{"id":437,"date":"2025-07-04T07:57:16","date_gmt":"2025-07-04T10:57:16","guid":{"rendered":"https:\/\/nordesteagency.com\/servinn\/?page_id=437"},"modified":"2025-11-10T22:38:11","modified_gmt":"2025-11-11T01:38:11","slug":"servicos","status":"publish","type":"page","link":"https:\/\/nordesteagency.com\/servinn\/servicos\/","title":{"rendered":"Servi\u00e7os"},"content":{"rendered":"\t\t<div data-elementor-type=\"wp-page\" data-elementor-id=\"437\" class=\"elementor elementor-437\" data-elementor-post-type=\"page\">\n\t\t\t\t\t\t<section class=\"elementor-section elementor-top-section elementor-element elementor-element-3bc232fe elementor-section-boxed elementor-section-height-default elementor-section-height-default e-parent\" data-id=\"3bc232fe\" data-element_type=\"section\" data-settings=\"{&quot;background_background&quot;:&quot;classic&quot;}\">\n\t\t\t\t\t\t\t<div class=\"elementor-background-overlay\"><\/div>\n\t\t\t\t\t\t\t<div class=\"elementor-container elementor-column-gap-default\">\n\t\t\t\t\t<div class=\"elementor-column elementor-col-100 elementor-top-column elementor-element elementor-element-15d3dfc1 lakit-col-width-auto-no\" data-id=\"15d3dfc1\" data-element_type=\"column\">\n\t\t\t<div class=\"elementor-widget-wrap elementor-element-populated\">\n\t\t\t\t\t\t<div class=\"elementor-element elementor-element-1093d582 elementor-widget elementor-widget-heading\" data-id=\"1093d582\" data-element_type=\"widget\" data-widget_type=\"heading.default\">\n\t\t\t\t<div class=\"elementor-widget-container\">\n\t\t\t\t\t<h1 class=\"elementor-heading-title elementor-size-default\">Servi\u00e7os<\/h1>\t\t\t\t<\/div>\n\t\t\t\t<\/div>\n\t\t\t\t\t<\/div>\n\t\t<\/div>\n\t\t\t\t\t<\/div>\n\t\t<\/section>\n\t\t\t\t<section class=\"elementor-section elementor-top-section elementor-element elementor-element-3f0562b3 elementor-section-boxed elementor-section-height-default elementor-section-height-default e-parent\" data-id=\"3f0562b3\" data-element_type=\"section\">\n\t\t\t\t\t\t<div class=\"elementor-container elementor-column-gap-default\">\n\t\t\t\t\t<div class=\"elementor-column elementor-col-50 elementor-top-column elementor-element elementor-element-138924cd lakit-col-width-auto-no\" data-id=\"138924cd\" data-element_type=\"column\" data-settings=\"{&quot;background_background&quot;:&quot;classic&quot;}\">\n\t\t\t<div class=\"elementor-widget-wrap elementor-element-populated\">\n\t\t\t\t\t\t<div class=\"elementor-element elementor-element-57be143 elementor-widget elementor-widget-spacer\" data-id=\"57be143\" data-element_type=\"widget\" data-widget_type=\"spacer.default\">\n\t\t\t\t<div class=\"elementor-widget-container\">\n\t\t\t\t\t\t\t<div class=\"elementor-spacer\">\n\t\t\t<div class=\"elementor-spacer-inner\"><\/div>\n\t\t<\/div>\n\t\t\t\t\t\t<\/div>\n\t\t\t\t<\/div>\n\t\t\t\t\t<\/div>\n\t\t<\/div>\n\t\t\t\t<div class=\"elementor-column elementor-col-50 elementor-top-column elementor-element elementor-element-0b79173 lakit-col-width-auto-no\" data-id=\"0b79173\" data-element_type=\"column\">\n\t\t\t<div class=\"elementor-widget-wrap elementor-element-populated\">\n\t\t\t\t\t\t<div class=\"elementor-element elementor-element-9e7eff3 elementor-widget elementor-widget-heading\" data-id=\"9e7eff3\" data-element_type=\"widget\" data-widget_type=\"heading.default\">\n\t\t\t\t<div class=\"elementor-widget-container\">\n\t\t\t\t\t<h4 class=\"elementor-heading-title elementor-size-default\">Gest\u00e3o inteligente, integrada e eficiente para empresas prestadoras de servi\u00e7os. <\/h4>\t\t\t\t<\/div>\n\t\t\t\t<\/div>\n\t\t\t\t<div class=\"elementor-element elementor-element-8407487 elementor-widget elementor-widget-heading\" data-id=\"8407487\" data-element_type=\"widget\" data-widget_type=\"heading.default\">\n\t\t\t\t<div class=\"elementor-widget-container\">\n\t\t\t\t\t<h2 class=\"elementor-heading-title elementor-size-default\">O setor de servi\u00e7os, tamb\u00e9m conhecido como Setor Terci\u00e1rio da Economia, compreende todas as atividades que envolvem a presta\u00e7\u00e3o de servi\u00e7os e a comercializa\u00e7\u00e3o de produtos, tanto para pessoas f\u00edsicas quanto jur\u00eddicas. <br><br>\n\nEssa classifica\u00e7\u00e3o faz parte da divis\u00e3o econ\u00f4mica tradicional, composta por: <br>\n\n\u2022 Setor Prim\u00e1rio: atividades ligadas \u00e0 agropecu\u00e1ria e ao extrativismo; <br><br>\n\n\u2022 Setor Secund\u00e1rio: atividades industriais e de transforma\u00e7\u00e3o; <br><br>\n\n\u2022 Setor Terci\u00e1rio: atividades de com\u00e9rcio e presta\u00e7\u00e3o de servi\u00e7os. <br><br>\n\nO setor de servi\u00e7os \u00e9, portanto, amplo, din\u00e2mico e diversificado, englobando desde pequenas empresas comerciais at\u00e9 opera\u00e7\u00f5es de alta complexidade e servi\u00e7os especializados. <br><br><\/h2>\t\t\t\t<\/div>\n\t\t\t\t<\/div>\n\t\t\t\t\t<\/div>\n\t\t<\/div>\n\t\t\t\t\t<\/div>\n\t\t<\/section>\n\t\t\t\t<section class=\"elementor-section elementor-top-section elementor-element elementor-element-f8ef8d8 elementor-section-boxed elementor-section-height-default elementor-section-height-default e-parent\" data-id=\"f8ef8d8\" data-element_type=\"section\">\n\t\t\t\t\t\t<div class=\"elementor-container elementor-column-gap-default\">\n\t\t\t\t\t<div class=\"elementor-column elementor-col-100 elementor-top-column elementor-element elementor-element-a014892 lakit-col-width-auto-no\" data-id=\"a014892\" data-element_type=\"column\">\n\t\t\t<div class=\"elementor-widget-wrap elementor-element-populated\">\n\t\t\t\t\t\t<section class=\"elementor-section elementor-inner-section elementor-element elementor-element-82e26b4 elementor-section-boxed elementor-section-height-default elementor-section-height-default\" data-id=\"82e26b4\" data-element_type=\"section\">\n\t\t\t\t\t\t<div class=\"elementor-container elementor-column-gap-default\">\n\t\t\t\t\t<div class=\"elementor-column elementor-col-50 elementor-inner-column elementor-element elementor-element-da113a9 lakit-col-width-auto-no\" data-id=\"da113a9\" data-element_type=\"column\">\n\t\t\t<div class=\"elementor-widget-wrap elementor-element-populated\">\n\t\t\t\t\t\t<div class=\"elementor-element elementor-element-f590837 elementor-widget elementor-widget-heading\" data-id=\"f590837\" data-element_type=\"widget\" data-widget_type=\"heading.default\">\n\t\t\t\t<div class=\"elementor-widget-container\">\n\t\t\t\t\t<h4 class=\"elementor-heading-title elementor-size-default\">Principais desafios<\/h4>\t\t\t\t<\/div>\n\t\t\t\t<\/div>\n\t\t\t\t<div class=\"elementor-element elementor-element-5e74199 elementor-widget elementor-widget-heading\" data-id=\"5e74199\" data-element_type=\"widget\" data-widget_type=\"heading.default\">\n\t\t\t\t<div class=\"elementor-widget-container\">\n\t\t\t\t\t<h2 class=\"elementor-heading-title elementor-size-default\">\u2022 Escassez de m\u00e3o de obra qualificada: dificuldade na contrata\u00e7\u00e3o de profissionais preparados para atender \u00e0s demandas t\u00e9cnicas e operacionais. <br><br>\n\n\u2022 Elevados custos de capacita\u00e7\u00e3o e desenvolvimento: necessidade constante de treinamento para manter o padr\u00e3o de qualidade e atualiza\u00e7\u00e3o dos servi\u00e7os. <br><br>\n\n\u2022 Automatiza\u00e7\u00e3o de processos: busca por efici\u00eancia, produtividade e redu\u00e7\u00e3o de erros operacionais, eliminando processos manuais e repetitivos. <br><br>\n\n\u2022 Cumprimento de n\u00edveis de servi\u00e7o (SLAs) rigorosos: clientes cada vez mais exigentes demandam prazos, qualidade e excel\u00eancia na entrega dos servi\u00e7os. <br><br>\n\n\u2022 Gest\u00e3o de informa\u00e7\u00f5es e dados: necessidade de indicadores precisos, dashboards gerenciais e relat\u00f3rios que suportem a tomada de decis\u00f5es estrat\u00e9gicas. <br><br> \n\n\u2022 Reten\u00e7\u00e3o de talentos e gest\u00e3o do conhecimento: desenvolver ambientes que valorizem profissionais, promovam a reten\u00e7\u00e3o e preservem o knowhow da organiza\u00e7\u00e3o. <\/h2>\t\t\t\t<\/div>\n\t\t\t\t<\/div>\n\t\t\t\t\t<\/div>\n\t\t<\/div>\n\t\t\t\t<div class=\"elementor-column elementor-col-50 elementor-inner-column elementor-element elementor-element-3aac602 lakit-col-width-auto-no\" data-id=\"3aac602\" data-element_type=\"column\">\n\t\t\t<div class=\"elementor-widget-wrap elementor-element-populated\">\n\t\t\t\t\t\t<div class=\"elementor-element elementor-element-4bef545 elementor-widget elementor-widget-heading\" data-id=\"4bef545\" data-element_type=\"widget\" data-widget_type=\"heading.default\">\n\t\t\t\t<div class=\"elementor-widget-container\">\n\t\t\t\t\t<h4 class=\"elementor-heading-title elementor-size-default\">Como nosso ERP potencializa a gest\u00e3o no setor de servi\u00e7os: <\/h4>\t\t\t\t<\/div>\n\t\t\t\t<\/div>\n\t\t\t\t<div class=\"elementor-element elementor-element-f2ddd62 elementor-widget elementor-widget-heading\" data-id=\"f2ddd62\" data-element_type=\"widget\" data-widget_type=\"heading.default\">\n\t\t\t\t<div class=\"elementor-widget-container\">\n\t\t\t\t\t<h2 class=\"elementor-heading-title elementor-size-default\">\u2022 Automatiza\u00e7\u00e3o de processos operacionais, financeiros e administrativos. <br><br>\n\u2022 Gest\u00e3o de contratos, ordens de servi\u00e7o e projetos em tempo real. <br><br>\n\u2022 Controle de custos, rentabilidade por cliente, projeto ou servi\u00e7o. <br><br>\n\u2022 Dashboard gerencial e KPIs estrat\u00e9gicos para acompanhamento de desempenho. <br><br>\n\u2022 Gest\u00e3o financeira, fiscal e cont\u00e1bil totalmente integrada. <br><br>\n\u2022 Centraliza\u00e7\u00e3o das informa\u00e7\u00f5es e vis\u00e3o 360\u00ba do neg\u00f3cio. <br><br>\n\u2022 Gest\u00e3o de equipes, produtividade. <br><br>\n\u2022 Seguran\u00e7a da informa\u00e7\u00e3o, escalabilidade e opera\u00e7\u00e3o em nuvem. <\/h2>\t\t\t\t<\/div>\n\t\t\t\t<\/div>\n\t\t\t\t\t<\/div>\n\t\t<\/div>\n\t\t\t\t\t<\/div>\n\t\t<\/section>\n\t\t\t\t\t<\/div>\n\t\t<\/div>\n\t\t\t\t\t<\/div>\n\t\t<\/section>\n\t\t\t\t<\/div>\n\t\t","protected":false},"excerpt":{"rendered":"<p>Servi\u00e7os Gest\u00e3o inteligente, integrada e eficiente para empresas prestadoras de servi\u00e7os. O setor de servi\u00e7os, tamb\u00e9m conhecido como Setor Terci\u00e1rio da Economia, compreende todas as atividades que envolvem a presta\u00e7\u00e3o de servi\u00e7os e a comercializa\u00e7\u00e3o de produtos, tanto para pessoas f\u00edsicas quanto jur\u00eddicas. Essa classifica\u00e7\u00e3o faz parte da divis\u00e3o econ\u00f4mica tradicional, composta por: \u2022 Setor [&hellip;]<\/p>\n","protected":false},"author":1,"featured_media":0,"parent":0,"menu_order":0,"comment_status":"closed","ping_status":"closed","template":"","meta":{"footnotes":""},"class_list":["post-437","page","type-page","status-publish","hentry"],"_links":{"self":[{"href":"https:\/\/nordesteagency.com\/servinn\/wp-json\/wp\/v2\/pages\/437","targetHints":{"allow":["GET"]}}],"collection":[{"href":"https:\/\/nordesteagency.com\/servinn\/wp-json\/wp\/v2\/pages"}],"about":[{"href":"https:\/\/nordesteagency.com\/servinn\/wp-json\/wp\/v2\/types\/page"}],"author":[{"embeddable":true,"href":"https:\/\/nordesteagency.com\/servinn\/wp-json\/wp\/v2\/users\/1"}],"replies":[{"embeddable":true,"href":"https:\/\/nordesteagency.com\/servinn\/wp-json\/wp\/v2\/comments?post=437"}],"version-history":[{"count":28,"href":"https:\/\/nordesteagency.com\/servinn\/wp-json\/wp\/v2\/pages\/437\/revisions"}],"predecessor-version":[{"id":703,"href":"https:\/\/nordesteagency.com\/servinn\/wp-json\/wp\/v2\/pages\/437\/revisions\/703"}],"wp:attachment":[{"href":"https:\/\/nordesteagency.com\/servinn\/wp-json\/wp\/v2\/media?parent=437"}],"curies":[{"name":"wp","href":"https:\/\/api.w.org\/{rel}","templated":true}]}}