{"id":425,"date":"2025-07-04T07:48:53","date_gmt":"2025-07-04T10:48:53","guid":{"rendered":"https:\/\/nordesteagency.com\/servinn\/?page_id=425"},"modified":"2025-11-10T22:37:55","modified_gmt":"2025-11-11T01:37:55","slug":"varejo","status":"publish","type":"page","link":"https:\/\/nordesteagency.com\/servinn\/varejo\/","title":{"rendered":"Varejo"},"content":{"rendered":"\t\t<div data-elementor-type=\"wp-page\" data-elementor-id=\"425\" class=\"elementor elementor-425\" data-elementor-post-type=\"page\">\n\t\t\t\t\t\t<section class=\"elementor-section elementor-top-section elementor-element elementor-element-3bc232fe elementor-section-boxed elementor-section-height-default elementor-section-height-default e-parent\" data-id=\"3bc232fe\" data-element_type=\"section\" data-settings=\"{&quot;background_background&quot;:&quot;classic&quot;}\">\n\t\t\t\t\t\t\t<div class=\"elementor-background-overlay\"><\/div>\n\t\t\t\t\t\t\t<div class=\"elementor-container elementor-column-gap-default\">\n\t\t\t\t\t<div class=\"elementor-column elementor-col-100 elementor-top-column elementor-element elementor-element-15d3dfc1 lakit-col-width-auto-no\" data-id=\"15d3dfc1\" data-element_type=\"column\">\n\t\t\t<div class=\"elementor-widget-wrap elementor-element-populated\">\n\t\t\t\t\t\t<div class=\"elementor-element elementor-element-1093d582 elementor-widget elementor-widget-heading\" data-id=\"1093d582\" data-element_type=\"widget\" data-widget_type=\"heading.default\">\n\t\t\t\t<div class=\"elementor-widget-container\">\n\t\t\t\t\t<h1 class=\"elementor-heading-title elementor-size-default\">Varejo<\/h1>\t\t\t\t<\/div>\n\t\t\t\t<\/div>\n\t\t\t\t\t<\/div>\n\t\t<\/div>\n\t\t\t\t\t<\/div>\n\t\t<\/section>\n\t\t\t\t<section class=\"elementor-section elementor-top-section elementor-element elementor-element-3f0562b3 elementor-section-boxed elementor-section-height-default elementor-section-height-default e-parent\" data-id=\"3f0562b3\" data-element_type=\"section\">\n\t\t\t\t\t\t<div class=\"elementor-container elementor-column-gap-default\">\n\t\t\t\t\t<div class=\"elementor-column elementor-col-50 elementor-top-column elementor-element elementor-element-138924cd lakit-col-width-auto-no\" data-id=\"138924cd\" data-element_type=\"column\" data-settings=\"{&quot;background_background&quot;:&quot;classic&quot;}\">\n\t\t\t<div class=\"elementor-widget-wrap elementor-element-populated\">\n\t\t\t\t\t\t<div class=\"elementor-element elementor-element-fe01f60 elementor-widget elementor-widget-spacer\" data-id=\"fe01f60\" data-element_type=\"widget\" data-widget_type=\"spacer.default\">\n\t\t\t\t<div class=\"elementor-widget-container\">\n\t\t\t\t\t\t\t<div class=\"elementor-spacer\">\n\t\t\t<div class=\"elementor-spacer-inner\"><\/div>\n\t\t<\/div>\n\t\t\t\t\t\t<\/div>\n\t\t\t\t<\/div>\n\t\t\t\t\t<\/div>\n\t\t<\/div>\n\t\t\t\t<div class=\"elementor-column elementor-col-50 elementor-top-column elementor-element elementor-element-0b79173 lakit-col-width-auto-no\" data-id=\"0b79173\" data-element_type=\"column\">\n\t\t\t<div class=\"elementor-widget-wrap elementor-element-populated\">\n\t\t\t\t\t\t<div class=\"elementor-element elementor-element-9e7eff3 elementor-widget elementor-widget-heading\" data-id=\"9e7eff3\" data-element_type=\"widget\" data-widget_type=\"heading.default\">\n\t\t\t\t<div class=\"elementor-widget-container\">\n\t\t\t\t\t<h4 class=\"elementor-heading-title elementor-size-default\">Solu\u00e7\u00f5es ERP para o setor de varejo <\/h4>\t\t\t\t<\/div>\n\t\t\t\t<\/div>\n\t\t\t\t<div class=\"elementor-element elementor-element-8407487 elementor-widget elementor-widget-heading\" data-id=\"8407487\" data-element_type=\"widget\" data-widget_type=\"heading.default\">\n\t\t\t\t<div class=\"elementor-widget-container\">\n\t\t\t\t\t<h2 class=\"elementor-heading-title elementor-size-default\"><b>Gest\u00e3o inteligente para um varejo mais \u00e1gil, rent\u00e1vel e competitivo. <\/b> <br><br>\nO varejo \u00e9 caracterizado pela venda direta de produtos ou servi\u00e7os ao consumidor \nfinal, sem a presen\u00e7a de intermedi\u00e1rios, sendo tradicionalmente marcado pela \ncomercializa\u00e7\u00e3o em volumes menores, por\u00e9m com alta rotatividade. \n\n<br><br>\n\n\nPrincipais Desafios do Varejo: <br>\n1. Efici\u00eancia na Gest\u00e3o de Estoque e Reposi\u00e7\u00e3o <br>\nEvitar rupturas de produtos, assegurando a disponibilidade dos itens certos, na hora certa, para garantir satisfa\u00e7\u00e3o e fideliza\u00e7\u00e3o dos clientes. <br><br>\n\n2. Defini\u00e7\u00e3o Estrat\u00e9gica do Mix de Produtos<br>\nEscolher com precis\u00e3o os itens que comp\u00f5em o portf\u00f3lio, considerando perfil de consumo, tend\u00eancias de mercado e sazonalidade. <br><br>\n\n3. Gest\u00e3o e Integra\u00e7\u00e3o de Canais<br> \nOperar de forma integrada nos pontos f\u00edsicos, e-commerce, redes sociais e marketplaces, proporcionando uma experi\u00eancia consistente ao cliente. <br><br>\n\n4. Gest\u00e3o de Pre\u00e7os e Dados Comerciais <br>\nPrecifica\u00e7\u00e3o estrat\u00e9gica, an\u00e1lise de dados de vendas, comportamento do consumidor e acompanhamento dos concorrentes s\u00e3o fundamentais para preservar margens e competitividade. <br><br>\n\n5. Aumento de Receita com Redu\u00e7\u00e3o de Custos Operacionais <br>\nAutomatizar processos, reduzir desperd\u00edcios e otimizar a opera\u00e7\u00e3o, mantendo a rentabilidade e a efici\u00eancia. <br><br><\/h2>\t\t\t\t<\/div>\n\t\t\t\t<\/div>\n\t\t\t\t\t<\/div>\n\t\t<\/div>\n\t\t\t\t\t<\/div>\n\t\t<\/section>\n\t\t\t\t<\/div>\n\t\t","protected":false},"excerpt":{"rendered":"<p>Varejo Solu\u00e7\u00f5es ERP para o setor de varejo Gest\u00e3o inteligente para um varejo mais \u00e1gil, rent\u00e1vel e competitivo. O varejo \u00e9 caracterizado pela venda direta de produtos ou servi\u00e7os ao consumidor final, sem a presen\u00e7a de intermedi\u00e1rios, sendo tradicionalmente marcado pela comercializa\u00e7\u00e3o em volumes menores, por\u00e9m com alta rotatividade. Principais Desafios do Varejo: 1. Efici\u00eancia [&hellip;]<\/p>\n","protected":false},"author":1,"featured_media":0,"parent":0,"menu_order":0,"comment_status":"closed","ping_status":"closed","template":"","meta":{"footnotes":""},"class_list":["post-425","page","type-page","status-publish","hentry"],"_links":{"self":[{"href":"https:\/\/nordesteagency.com\/servinn\/wp-json\/wp\/v2\/pages\/425","targetHints":{"allow":["GET"]}}],"collection":[{"href":"https:\/\/nordesteagency.com\/servinn\/wp-json\/wp\/v2\/pages"}],"about":[{"href":"https:\/\/nordesteagency.com\/servinn\/wp-json\/wp\/v2\/types\/page"}],"author":[{"embeddable":true,"href":"https:\/\/nordesteagency.com\/servinn\/wp-json\/wp\/v2\/users\/1"}],"replies":[{"embeddable":true,"href":"https:\/\/nordesteagency.com\/servinn\/wp-json\/wp\/v2\/comments?post=425"}],"version-history":[{"count":22,"href":"https:\/\/nordesteagency.com\/servinn\/wp-json\/wp\/v2\/pages\/425\/revisions"}],"predecessor-version":[{"id":700,"href":"https:\/\/nordesteagency.com\/servinn\/wp-json\/wp\/v2\/pages\/425\/revisions\/700"}],"wp:attachment":[{"href":"https:\/\/nordesteagency.com\/servinn\/wp-json\/wp\/v2\/media?parent=425"}],"curies":[{"name":"wp","href":"https:\/\/api.w.org\/{rel}","templated":true}]}}