{"id":414,"date":"2025-07-04T07:44:19","date_gmt":"2025-07-04T10:44:19","guid":{"rendered":"https:\/\/nordesteagency.com\/servinn\/?page_id=414"},"modified":"2025-11-10T22:37:41","modified_gmt":"2025-11-11T01:37:41","slug":"atacado-distribuidor","status":"publish","type":"page","link":"https:\/\/nordesteagency.com\/servinn\/atacado-distribuidor\/","title":{"rendered":"Atacado Distribuidor"},"content":{"rendered":"\t\t<div data-elementor-type=\"wp-page\" data-elementor-id=\"414\" class=\"elementor elementor-414\" data-elementor-post-type=\"page\">\n\t\t\t\t\t\t<section class=\"elementor-section elementor-top-section elementor-element elementor-element-3bc232fe elementor-section-boxed elementor-section-height-default elementor-section-height-default e-parent\" data-id=\"3bc232fe\" data-element_type=\"section\" data-settings=\"{&quot;background_background&quot;:&quot;classic&quot;}\">\n\t\t\t\t\t\t\t<div class=\"elementor-background-overlay\"><\/div>\n\t\t\t\t\t\t\t<div class=\"elementor-container elementor-column-gap-default\">\n\t\t\t\t\t<div class=\"elementor-column elementor-col-100 elementor-top-column elementor-element elementor-element-15d3dfc1 lakit-col-width-auto-no\" data-id=\"15d3dfc1\" data-element_type=\"column\">\n\t\t\t<div class=\"elementor-widget-wrap elementor-element-populated\">\n\t\t\t\t\t\t<div class=\"elementor-element elementor-element-1093d582 elementor-widget elementor-widget-heading\" data-id=\"1093d582\" data-element_type=\"widget\" data-widget_type=\"heading.default\">\n\t\t\t\t<div class=\"elementor-widget-container\">\n\t\t\t\t\t<h1 class=\"elementor-heading-title elementor-size-default\">Atacado distribuidor<\/h1>\t\t\t\t<\/div>\n\t\t\t\t<\/div>\n\t\t\t\t\t<\/div>\n\t\t<\/div>\n\t\t\t\t\t<\/div>\n\t\t<\/section>\n\t\t\t\t<section class=\"elementor-section elementor-top-section elementor-element elementor-element-3f0562b3 elementor-section-boxed elementor-section-height-default elementor-section-height-default e-parent\" data-id=\"3f0562b3\" data-element_type=\"section\">\n\t\t\t\t\t\t<div class=\"elementor-container elementor-column-gap-default\">\n\t\t\t\t\t<div class=\"elementor-column elementor-col-50 elementor-top-column elementor-element elementor-element-138924cd lakit-col-width-auto-no\" data-id=\"138924cd\" data-element_type=\"column\" data-settings=\"{&quot;background_background&quot;:&quot;classic&quot;}\">\n\t\t\t<div class=\"elementor-widget-wrap elementor-element-populated\">\n\t\t\t\t\t\t<div class=\"elementor-element elementor-element-25adcb8 elementor-widget elementor-widget-spacer\" data-id=\"25adcb8\" data-element_type=\"widget\" data-widget_type=\"spacer.default\">\n\t\t\t\t<div class=\"elementor-widget-container\">\n\t\t\t\t\t\t\t<div class=\"elementor-spacer\">\n\t\t\t<div class=\"elementor-spacer-inner\"><\/div>\n\t\t<\/div>\n\t\t\t\t\t\t<\/div>\n\t\t\t\t<\/div>\n\t\t\t\t\t<\/div>\n\t\t<\/div>\n\t\t\t\t<div class=\"elementor-column elementor-col-50 elementor-top-column elementor-element elementor-element-0b79173 lakit-col-width-auto-no\" data-id=\"0b79173\" data-element_type=\"column\">\n\t\t\t<div class=\"elementor-widget-wrap elementor-element-populated\">\n\t\t\t\t\t\t<div class=\"elementor-element elementor-element-9e7eff3 elementor-widget elementor-widget-heading\" data-id=\"9e7eff3\" data-element_type=\"widget\" data-widget_type=\"heading.default\">\n\t\t\t\t<div class=\"elementor-widget-container\">\n\t\t\t\t\t<h4 class=\"elementor-heading-title elementor-size-default\">Solu\u00e7\u00f5es ERP para atacado e distribui\u00e7\u00e3o<\/h4>\t\t\t\t<\/div>\n\t\t\t\t<\/div>\n\t\t\t\t<div class=\"elementor-element elementor-element-8407487 elementor-widget elementor-widget-heading\" data-id=\"8407487\" data-element_type=\"widget\" data-widget_type=\"heading.default\">\n\t\t\t\t<div class=\"elementor-widget-container\">\n\t\t\t\t\t<h2 class=\"elementor-heading-title elementor-size-default\">Mais controle. Mais efici\u00eancia. Mais resultados. \nVoc\u00ea enfrenta desafios para gerir estoque, integrar setores, escalar sua opera\u00e7\u00e3o e manter sua equipe produtiva? Nosso ERP foi desenvolvido para empresas do setor de Atacado e Distribui\u00e7\u00e3o, oferecendo uma gest\u00e3o completa e integrada.  <br><br>\n\n\nSolu\u00e7\u00f5es para os principais desafios do setor:<br> <br>\n\n\u2022 Controle total de estoque e log\u00edstica. <br><br>\n\n\u2022 Gest\u00e3o financeira, comercial e operacional em um \u00fanico sistema. <br><br>\n\n\u2022 Redu\u00e7\u00e3o de erros e aumento da produtividade. <br><br>\n\n\u2022 Integra\u00e7\u00e3o entre log\u00edstica, vendas, financeiro e atendimento. <br><br>\n\n\u2022 Informa\u00e7\u00f5es em tempo real para decis\u00f5es mais inteligentes. <br><br>\n\n\u2022 Processos automatizados e escal\u00e1veis. <br><br>\n\n\u2022 Reten\u00e7\u00e3o de talentos e gest\u00e3o do conhecimento. <\/h2>\t\t\t\t<\/div>\n\t\t\t\t<\/div>\n\t\t\t\t\t<\/div>\n\t\t<\/div>\n\t\t\t\t\t<\/div>\n\t\t<\/section>\n\t\t\t\t<\/div>\n\t\t","protected":false},"excerpt":{"rendered":"<p>Atacado distribuidor Solu\u00e7\u00f5es ERP para atacado e distribui\u00e7\u00e3o Mais controle. Mais efici\u00eancia. Mais resultados. Voc\u00ea enfrenta desafios para gerir estoque, integrar setores, escalar sua opera\u00e7\u00e3o e manter sua equipe produtiva? Nosso ERP foi desenvolvido para empresas do setor de Atacado e Distribui\u00e7\u00e3o, oferecendo uma gest\u00e3o completa e integrada. Solu\u00e7\u00f5es para os principais desafios do setor: [&hellip;]<\/p>\n","protected":false},"author":1,"featured_media":0,"parent":0,"menu_order":0,"comment_status":"closed","ping_status":"closed","template":"","meta":{"footnotes":""},"class_list":["post-414","page","type-page","status-publish","hentry"],"_links":{"self":[{"href":"https:\/\/nordesteagency.com\/servinn\/wp-json\/wp\/v2\/pages\/414","targetHints":{"allow":["GET"]}}],"collection":[{"href":"https:\/\/nordesteagency.com\/servinn\/wp-json\/wp\/v2\/pages"}],"about":[{"href":"https:\/\/nordesteagency.com\/servinn\/wp-json\/wp\/v2\/types\/page"}],"author":[{"embeddable":true,"href":"https:\/\/nordesteagency.com\/servinn\/wp-json\/wp\/v2\/users\/1"}],"replies":[{"embeddable":true,"href":"https:\/\/nordesteagency.com\/servinn\/wp-json\/wp\/v2\/comments?post=414"}],"version-history":[{"count":19,"href":"https:\/\/nordesteagency.com\/servinn\/wp-json\/wp\/v2\/pages\/414\/revisions"}],"predecessor-version":[{"id":697,"href":"https:\/\/nordesteagency.com\/servinn\/wp-json\/wp\/v2\/pages\/414\/revisions\/697"}],"wp:attachment":[{"href":"https:\/\/nordesteagency.com\/servinn\/wp-json\/wp\/v2\/media?parent=414"}],"curies":[{"name":"wp","href":"https:\/\/api.w.org\/{rel}","templated":true}]}}