{"id":361,"date":"2025-07-04T00:57:39","date_gmt":"2025-07-04T03:57:39","guid":{"rendered":"https:\/\/nordesteagency.com\/servinn\/?page_id=361"},"modified":"2025-11-10T22:36:39","modified_gmt":"2025-11-11T01:36:39","slug":"ecommerce","status":"publish","type":"page","link":"https:\/\/nordesteagency.com\/servinn\/ecommerce\/","title":{"rendered":"Ecommerce"},"content":{"rendered":"\t\t<div data-elementor-type=\"wp-page\" data-elementor-id=\"361\" class=\"elementor elementor-361\" data-elementor-post-type=\"page\">\n\t\t\t\t\t\t<section class=\"elementor-section elementor-top-section elementor-element elementor-element-3bc232fe elementor-section-boxed elementor-section-height-default elementor-section-height-default e-parent\" data-id=\"3bc232fe\" data-element_type=\"section\" data-settings=\"{&quot;background_background&quot;:&quot;classic&quot;}\">\n\t\t\t\t\t\t\t<div class=\"elementor-background-overlay\"><\/div>\n\t\t\t\t\t\t\t<div class=\"elementor-container elementor-column-gap-default\">\n\t\t\t\t\t<div class=\"elementor-column elementor-col-100 elementor-top-column elementor-element elementor-element-15d3dfc1 lakit-col-width-auto-no\" data-id=\"15d3dfc1\" data-element_type=\"column\">\n\t\t\t<div class=\"elementor-widget-wrap elementor-element-populated\">\n\t\t\t\t\t\t<div class=\"elementor-element elementor-element-1093d582 elementor-widget elementor-widget-heading\" data-id=\"1093d582\" data-element_type=\"widget\" data-widget_type=\"heading.default\">\n\t\t\t\t<div class=\"elementor-widget-container\">\n\t\t\t\t\t<h1 class=\"elementor-heading-title elementor-size-default\">Ecommerce<\/h1>\t\t\t\t<\/div>\n\t\t\t\t<\/div>\n\t\t\t\t\t<\/div>\n\t\t<\/div>\n\t\t\t\t\t<\/div>\n\t\t<\/section>\n\t\t\t\t<section class=\"elementor-section elementor-top-section elementor-element elementor-element-3f0562b3 elementor-section-boxed elementor-section-height-default elementor-section-height-default e-parent\" data-id=\"3f0562b3\" data-element_type=\"section\">\n\t\t\t\t\t\t<div class=\"elementor-container elementor-column-gap-default\">\n\t\t\t\t\t<div class=\"elementor-column elementor-col-50 elementor-top-column elementor-element elementor-element-138924cd lakit-col-width-auto-no\" data-id=\"138924cd\" data-element_type=\"column\" data-settings=\"{&quot;background_background&quot;:&quot;classic&quot;}\">\n\t\t\t<div class=\"elementor-widget-wrap elementor-element-populated\">\n\t\t\t\t\t\t<div class=\"elementor-element elementor-element-6e67047 elementor-widget elementor-widget-spacer\" data-id=\"6e67047\" data-element_type=\"widget\" data-widget_type=\"spacer.default\">\n\t\t\t\t<div class=\"elementor-widget-container\">\n\t\t\t\t\t\t\t<div class=\"elementor-spacer\">\n\t\t\t<div class=\"elementor-spacer-inner\"><\/div>\n\t\t<\/div>\n\t\t\t\t\t\t<\/div>\n\t\t\t\t<\/div>\n\t\t\t\t\t<\/div>\n\t\t<\/div>\n\t\t\t\t<div class=\"elementor-column elementor-col-50 elementor-top-column elementor-element elementor-element-0b79173 lakit-col-width-auto-no\" data-id=\"0b79173\" data-element_type=\"column\">\n\t\t\t<div class=\"elementor-widget-wrap elementor-element-populated\">\n\t\t\t\t\t\t<div class=\"elementor-element elementor-element-9e7eff3 elementor-widget elementor-widget-heading\" data-id=\"9e7eff3\" data-element_type=\"widget\" data-widget_type=\"heading.default\">\n\t\t\t\t<div class=\"elementor-widget-container\">\n\t\t\t\t\t<h4 class=\"elementor-heading-title elementor-size-default\">Por que sua empresa precisa de um e-commerce?<\/h4>\t\t\t\t<\/div>\n\t\t\t\t<\/div>\n\t\t\t\t<div class=\"elementor-element elementor-element-8407487 elementor-widget elementor-widget-heading\" data-id=\"8407487\" data-element_type=\"widget\" data-widget_type=\"heading.default\">\n\t\t\t\t<div class=\"elementor-widget-container\">\n\t\t\t\t\t<h2 class=\"elementor-heading-title elementor-size-default\">O mundo digital provocou uma verdadeira transforma\u00e7\u00e3o na forma como as pessoas se relacionam, trabalham e consomem. As vendas online crescem de forma acelerada no Brasil, acompanhando a mudan\u00e7a de comportamento dos consumidores, que buscam cada vez mais praticidade, agilidade e seguran\u00e7a nas compras. <br><br>\n\nO com\u00e9rcio eletr\u00f4nico segue em plena expans\u00e3o no Brasil. Somente em 2023, o e commerce brasileiro registrou mais de 395 milh\u00f5es de pedidos online, movimentando cerca de R$ 185,7 bilh\u00f5es, segundo dados da Neotrust.<br><br>\n\nE esse crescimento n\u00e3o d\u00e1 sinais de desacelera\u00e7\u00e3o. Empresas que ainda n\u00e3o est\u00e3o no ambiente digital perdem diariamente oportunidades de vendas, alcance, visibilidade e crescimento, ficando para tr\u00e1s em um mercado cada vez mais competitivo e digitalizado.<\/h2>\t\t\t\t<\/div>\n\t\t\t\t<\/div>\n\t\t\t\t\t<\/div>\n\t\t<\/div>\n\t\t\t\t\t<\/div>\n\t\t<\/section>\n\t\t\t\t<section class=\"elementor-section elementor-top-section elementor-element elementor-element-bf41c9b elementor-section-boxed elementor-section-height-default elementor-section-height-default e-parent\" data-id=\"bf41c9b\" data-element_type=\"section\" data-settings=\"{&quot;background_background&quot;:&quot;classic&quot;}\">\n\t\t\t\t\t\t<div class=\"elementor-container elementor-column-gap-default\">\n\t\t\t\t\t<div class=\"elementor-column elementor-col-100 elementor-top-column elementor-element elementor-element-12a0938 lakit-col-width-auto-no\" data-id=\"12a0938\" data-element_type=\"column\">\n\t\t\t<div class=\"elementor-widget-wrap elementor-element-populated\">\n\t\t\t\t\t\t<div class=\"elementor-element elementor-element-44e0cbd elementor-widget elementor-widget-heading\" data-id=\"44e0cbd\" data-element_type=\"widget\" data-widget_type=\"heading.default\">\n\t\t\t\t<div class=\"elementor-widget-container\">\n\t\t\t\t\t<h2 class=\"elementor-heading-title elementor-size-default\">Tenha um E-commerce <br> 100% Integrado ao Seu ERP<\/h2>\t\t\t\t<\/div>\n\t\t\t\t<\/div>\n\t\t\t\t\t<\/div>\n\t\t<\/div>\n\t\t\t\t\t<\/div>\n\t\t<\/section>\n\t\t\t\t<section class=\"elementor-section elementor-top-section elementor-element elementor-element-fe57804 elementor-section-boxed elementor-section-height-default elementor-section-height-default e-parent\" data-id=\"fe57804\" data-element_type=\"section\" data-settings=\"{&quot;background_background&quot;:&quot;classic&quot;}\">\n\t\t\t\t\t\t<div class=\"elementor-container elementor-column-gap-default\">\n\t\t\t\t\t<div class=\"elementor-column elementor-col-50 elementor-top-column elementor-element elementor-element-efb0133 lakit-col-width-auto-no\" data-id=\"efb0133\" data-element_type=\"column\">\n\t\t\t<div class=\"elementor-widget-wrap elementor-element-populated\">\n\t\t\t\t\t\t<div class=\"elementor-element elementor-element-1ef78af elementor-widget elementor-widget-heading\" data-id=\"1ef78af\" data-element_type=\"widget\" data-widget_type=\"heading.default\">\n\t\t\t\t<div class=\"elementor-widget-container\">\n\t\t\t\t\t<h2 class=\"elementor-heading-title elementor-size-default\">O E-commerce da Servinn foi desenvolvido para ser totalmente integrado aos\nprincipais m\u00f3dulos de gest\u00e3o da sua empresa, como:\n\n<br><br>\n\n\u2022 Gest\u00e3o Financeira: controle autom\u00e1tico de pedidos, pagamentos e\nconcilia\u00e7\u00f5es.\n\n<br><br>\n\n\u2022 Gest\u00e3o de Estoque: atualiza\u00e7\u00e3o em tempo real de saldos e disponibilidade\nde produtos.\u2022 Gest\u00e3o de Entregas: acompanhamento de pedidos, log\u00edstica e\nrastreabilidade.\n\n<br><br>\n\nAl\u00e9m disso, nosso sistema permite mapear todo o atendimento ao cliente no p\u00f3svenda, com registro detalhado das opera\u00e7\u00f5es realizadas, proporcionando uma\ngest\u00e3o eficiente, \u00e1gil e descomplicada.\nBenef\u00edcios diretos para sua empresa:\n\n<br><br>\n\n\u2022 Aumento do faturamento com vendas online.\n\n<br><br>\n\n\u2022 Maior alcance de mercado, atendendo clientes 24 horas por dia.\n\n<br><br>\n\n\u2022 Redu\u00e7\u00e3o de erros operacionais com processos automatizados.\n\n<br><br>\n\n\u2022 Melhoria no controle financeiro, estoque e log\u00edstica.<\/h2>\t\t\t\t<\/div>\n\t\t\t\t<\/div>\n\t\t\t\t\t<\/div>\n\t\t<\/div>\n\t\t\t\t<div class=\"elementor-column elementor-col-50 elementor-top-column elementor-element elementor-element-8836e1d lakit-col-width-auto-no\" data-id=\"8836e1d\" data-element_type=\"column\" data-settings=\"{&quot;background_background&quot;:&quot;classic&quot;}\">\n\t\t\t<div class=\"elementor-widget-wrap\">\n\t\t\t\t\t\t\t<\/div>\n\t\t<\/div>\n\t\t\t\t\t<\/div>\n\t\t<\/section>\n\t\t\t\t<\/div>\n\t\t","protected":false},"excerpt":{"rendered":"<p>Ecommerce Por que sua empresa precisa de um e-commerce? O mundo digital provocou uma verdadeira transforma\u00e7\u00e3o na forma como as pessoas se relacionam, trabalham e consomem. As vendas online crescem de forma acelerada no Brasil, acompanhando a mudan\u00e7a de comportamento dos consumidores, que buscam cada vez mais praticidade, agilidade e seguran\u00e7a nas compras. O com\u00e9rcio [&hellip;]<\/p>\n","protected":false},"author":1,"featured_media":0,"parent":0,"menu_order":0,"comment_status":"closed","ping_status":"closed","template":"","meta":{"footnotes":""},"class_list":["post-361","page","type-page","status-publish","hentry"],"_links":{"self":[{"href":"https:\/\/nordesteagency.com\/servinn\/wp-json\/wp\/v2\/pages\/361","targetHints":{"allow":["GET"]}}],"collection":[{"href":"https:\/\/nordesteagency.com\/servinn\/wp-json\/wp\/v2\/pages"}],"about":[{"href":"https:\/\/nordesteagency.com\/servinn\/wp-json\/wp\/v2\/types\/page"}],"author":[{"embeddable":true,"href":"https:\/\/nordesteagency.com\/servinn\/wp-json\/wp\/v2\/users\/1"}],"replies":[{"embeddable":true,"href":"https:\/\/nordesteagency.com\/servinn\/wp-json\/wp\/v2\/comments?post=361"}],"version-history":[{"count":25,"href":"https:\/\/nordesteagency.com\/servinn\/wp-json\/wp\/v2\/pages\/361\/revisions"}],"predecessor-version":[{"id":691,"href":"https:\/\/nordesteagency.com\/servinn\/wp-json\/wp\/v2\/pages\/361\/revisions\/691"}],"wp:attachment":[{"href":"https:\/\/nordesteagency.com\/servinn\/wp-json\/wp\/v2\/media?parent=361"}],"curies":[{"name":"wp","href":"https:\/\/api.w.org\/{rel}","templated":true}]}}