{"id":460,"date":"2023-07-04T14:39:40","date_gmt":"2023-07-04T14:39:40","guid":{"rendered":"https:\/\/btx.nordesteagency.com\/?page_id=460"},"modified":"2023-07-04T14:47:15","modified_gmt":"2023-07-04T14:47:15","slug":"servicos","status":"publish","type":"page","link":"https:\/\/nordesteagency.com\/btx\/?page_id=460","title":{"rendered":"Servi\u00e7os"},"content":{"rendered":"\t\t<div data-elementor-type=\"wp-page\" data-elementor-id=\"460\" class=\"elementor elementor-460\" data-elementor-post-type=\"page\">\n\t\t\t\t<div class=\"elementor-element elementor-element-db5addc e-flex e-con-boxed e-con e-parent\" data-id=\"db5addc\" data-element_type=\"container\" data-settings=\"{&quot;background_background&quot;:&quot;classic&quot;}\">\n\t\t\t\t\t<div class=\"e-con-inner\">\n\t\t\t\t<div class=\"elementor-element elementor-element-7650f9d elementor-widget elementor-widget-heading\" data-id=\"7650f9d\" data-element_type=\"widget\" data-widget_type=\"heading.default\">\n\t\t\t\t<div class=\"elementor-widget-container\">\n\t\t\t\t\t<h2 class=\"elementor-heading-title elementor-size-default\">Nossos servi\u00e7os<\/h2>\t\t\t\t<\/div>\n\t\t\t\t<\/div>\n\t\t\t\t\t<\/div>\n\t\t\t\t<\/div>\n\t\t<div class=\"elementor-element elementor-element-ab4ed0e e-flex e-con-boxed e-con e-parent\" data-id=\"ab4ed0e\" data-element_type=\"container\">\n\t\t\t\t\t<div class=\"e-con-inner\">\n\t\t<div class=\"elementor-element elementor-element-6d8b8b0 e-flex e-con-boxed e-con e-child\" data-id=\"6d8b8b0\" data-element_type=\"container\">\n\t\t\t\t\t<div class=\"e-con-inner\">\n\t\t\t\t<div class=\"elementor-element elementor-element-61112e9 elementor-widget__width-initial elementor-widget-mobile__width-inherit elementor-position-top elementor-widget elementor-widget-image-box\" data-id=\"61112e9\" data-element_type=\"widget\" data-widget_type=\"image-box.default\">\n\t\t\t\t<div class=\"elementor-widget-container\">\n\t\t\t\t\t<div class=\"elementor-image-box-wrapper\"><figure class=\"elementor-image-box-img\"><img decoding=\"async\" src=\"https:\/\/nordesteagency.com\/btx\/wp-content\/uploads\/2023\/05\/icon-c-home-branco-1.svg\" title=\"icon-c-home-branco-1\" alt=\"icon-c-home-branco-1\" loading=\"lazy\" \/><\/figure><div class=\"elementor-image-box-content\"><h3 class=\"elementor-image-box-title\">Negocia\u00e7\u00f5es imobili\u00e1rias<\/h3><p class=\"elementor-image-box-description\">As negocia\u00e7\u00f5es imobili\u00e1rias, em especial no contexto da realiza\u00e7\u00e3o de um investimento e independentemente de se tratar de pessoa f\u00edsica ou jur\u00eddica.<\/p><\/div><\/div>\t\t\t\t<\/div>\n\t\t\t\t<\/div>\n\t\t\t\t<div class=\"elementor-element elementor-element-bc0bab6 elementor-widget__width-initial elementor-widget-mobile__width-inherit elementor-position-top elementor-widget elementor-widget-image-box\" data-id=\"bc0bab6\" data-element_type=\"widget\" data-widget_type=\"image-box.default\">\n\t\t\t\t<div class=\"elementor-widget-container\">\n\t\t\t\t\t<div class=\"elementor-image-box-wrapper\"><figure class=\"elementor-image-box-img\"><img decoding=\"async\" src=\"https:\/\/nordesteagency.com\/btx\/wp-content\/uploads\/2023\/05\/premio.svg\" title=\"premio\" alt=\"premio\" loading=\"lazy\" \/><\/figure><div class=\"elementor-image-box-content\"><h3 class=\"elementor-image-box-title\">Regulariza\u00e7\u00e3o de Im\u00f3veis<\/h3><p class=\"elementor-image-box-description\">Comprar ou vender um im\u00f3vel engloba diversas quest\u00f5es e processos burocr\u00e1ticos, por esse motivo, antes de entrar em uma negocia\u00e7\u00e3o, \u00e9 fundamental que voc\u00ea analise com cuidado se est\u00e3o irregularidades sobre a propriedade. \n<\/p><\/div><\/div>\t\t\t\t<\/div>\n\t\t\t\t<\/div>\n\t\t\t\t<div class=\"elementor-element elementor-element-18e86d8 elementor-widget__width-initial elementor-widget-mobile__width-inherit elementor-position-top elementor-widget elementor-widget-image-box\" data-id=\"18e86d8\" data-element_type=\"widget\" data-widget_type=\"image-box.default\">\n\t\t\t\t<div class=\"elementor-widget-container\">\n\t\t\t\t\t<div class=\"elementor-image-box-wrapper\"><figure class=\"elementor-image-box-img\"><img decoding=\"async\" src=\"https:\/\/nordesteagency.com\/btx\/wp-content\/uploads\/2023\/05\/tendencia.svg\" title=\"tendencia\" alt=\"tendencia\" loading=\"lazy\" \/><\/figure><div class=\"elementor-image-box-content\"><h3 class=\"elementor-image-box-title\">Georreferenciamento de im\u00f3veis<\/h3><p class=\"elementor-image-box-description\">Georreferenciamento \u00e9 o processo para definir a forma, dimens\u00e3o e localiza\u00e7\u00e3o de um im\u00f3vel rural, atrav\u00e9s de m\u00e9todos de levantamento topogr\u00e1fico.\n\n\n<\/p><\/div><\/div>\t\t\t\t<\/div>\n\t\t\t\t<\/div>\n\t\t\t\t\t<\/div>\n\t\t\t\t<\/div>\n\t\t<div class=\"elementor-element elementor-element-eaef292 e-flex e-con-boxed e-con e-child\" data-id=\"eaef292\" data-element_type=\"container\">\n\t\t\t\t\t<div class=\"e-con-inner\">\n\t\t\t\t<div class=\"elementor-element elementor-element-1fbcab4 elementor-widget__width-initial elementor-widget-mobile__width-inherit elementor-position-top elementor-widget elementor-widget-image-box\" data-id=\"1fbcab4\" data-element_type=\"widget\" data-widget_type=\"image-box.default\">\n\t\t\t\t<div class=\"elementor-widget-container\">\n\t\t\t\t\t<div class=\"elementor-image-box-wrapper\"><figure class=\"elementor-image-box-img\"><img decoding=\"async\" src=\"https:\/\/nordesteagency.com\/btx\/wp-content\/uploads\/2023\/05\/icon-c-home-branco-1.svg\" title=\"icon-c-home-branco-1\" alt=\"icon-c-home-branco-1\" loading=\"lazy\" \/><\/figure><div class=\"elementor-image-box-content\"><h3 class=\"elementor-image-box-title\">Loteamentos<\/h3><p class=\"elementor-image-box-description\">Um loteamento pode ser definido como a divis\u00e3o de uma por\u00e7\u00e3o de terra em lotes destinados \u00e0 constru\u00e7\u00e3o e que devem contar obrigatoriamente com vias de acesso para a circula\u00e7\u00e3o dos moradores.\n<\/p><\/div><\/div>\t\t\t\t<\/div>\n\t\t\t\t<\/div>\n\t\t\t\t<div class=\"elementor-element elementor-element-e277ddb elementor-widget__width-initial elementor-widget-mobile__width-inherit elementor-position-top elementor-widget elementor-widget-image-box\" data-id=\"e277ddb\" data-element_type=\"widget\" data-widget_type=\"image-box.default\">\n\t\t\t\t<div class=\"elementor-widget-container\">\n\t\t\t\t\t<div class=\"elementor-image-box-wrapper\"><figure class=\"elementor-image-box-img\"><img decoding=\"async\" src=\"https:\/\/nordesteagency.com\/btx\/wp-content\/uploads\/2023\/05\/premio.svg\" title=\"premio\" alt=\"premio\" loading=\"lazy\" \/><\/figure><div class=\"elementor-image-box-content\"><h3 class=\"elementor-image-box-title\">Laudos de Avalia\u00e7\u00e3o de Im\u00f3veis<\/h3><p class=\"elementor-image-box-description\">Para descobrir o valor real de um im\u00f3vel no mercado, h\u00e1 especialistas que realizam o chamado laudo de avalia\u00e7\u00e3o de im\u00f3vel, o qual expressa um valor de mercado com base em diversos detalhes analisados no im\u00f3vel.\n<\/p><\/div><\/div>\t\t\t\t<\/div>\n\t\t\t\t<\/div>\n\t\t\t\t<div class=\"elementor-element elementor-element-c5f5e87 elementor-widget__width-initial elementor-widget-mobile__width-inherit elementor-position-top elementor-widget elementor-widget-image-box\" data-id=\"c5f5e87\" data-element_type=\"widget\" data-widget_type=\"image-box.default\">\n\t\t\t\t<div class=\"elementor-widget-container\">\n\t\t\t\t\t<div class=\"elementor-image-box-wrapper\"><figure class=\"elementor-image-box-img\"><img decoding=\"async\" src=\"https:\/\/nordesteagency.com\/btx\/wp-content\/uploads\/2023\/05\/tendencia.svg\" title=\"tendencia\" alt=\"tendencia\" loading=\"lazy\" \/><\/figure><div class=\"elementor-image-box-content\"><h3 class=\"elementor-image-box-title\">Projetos<\/h3><p class=\"elementor-image-box-description\">Os Projetos Imobili\u00e1rios s\u00e3o investimentos para quem busca estabilidade financeira no futuro, pois oferecem rentabilidade e seguran\u00e7a a m\u00e9dio e longo prazo.<\/p><\/div><\/div>\t\t\t\t<\/div>\n\t\t\t\t<\/div>\n\t\t\t\t\t<\/div>\n\t\t\t\t<\/div>\n\t\t\t\t<div class=\"elementor-element elementor-element-a81bf01 elementor-widget elementor-widget-heading\" data-id=\"a81bf01\" data-element_type=\"widget\" data-widget_type=\"heading.default\">\n\t\t\t\t<div class=\"elementor-widget-container\">\n\t\t\t\t\t<h2 class=\"elementor-heading-title elementor-size-default\">Venha Nos Visitar\n<\/h2>\t\t\t\t<\/div>\n\t\t\t\t<\/div>\n\t\t\t\t<div class=\"elementor-element elementor-element-41bc29e elementor-widget elementor-widget-google_maps\" data-id=\"41bc29e\" data-element_type=\"widget\" data-widget_type=\"google_maps.default\">\n\t\t\t\t<div class=\"elementor-widget-container\">\n\t\t\t\t\t\t\t<div class=\"elementor-custom-embed\">\n\t\t\t<iframe loading=\"lazy\"\n\t\t\t\t\tsrc=\"https:\/\/maps.google.com\/maps?q=Centro%2C%20Eun%C3%A1polis&#038;t=m&#038;z=16&#038;output=embed&#038;iwloc=near\"\n\t\t\t\t\ttitle=\"Centro, Eun\u00e1polis\"\n\t\t\t\t\taria-label=\"Centro, Eun\u00e1polis\"\n\t\t\t><\/iframe>\n\t\t<\/div>\n\t\t\t\t\t\t<\/div>\n\t\t\t\t<\/div>\n\t\t\t\t\t<\/div>\n\t\t\t\t<\/div>\n\t\t\t\t<\/div>\n\t\t","protected":false},"excerpt":{"rendered":"<p>Nossos servi\u00e7os Negocia\u00e7\u00f5es imobili\u00e1rias As negocia\u00e7\u00f5es imobili\u00e1rias, em especial no contexto da realiza\u00e7\u00e3o de um investimento e independentemente de se tratar de pessoa f\u00edsica ou jur\u00eddica. Regulariza\u00e7\u00e3o de Im\u00f3veis Comprar ou vender um im\u00f3vel engloba diversas quest\u00f5es e processos burocr\u00e1ticos, por esse motivo, antes de entrar em uma negocia\u00e7\u00e3o, \u00e9 fundamental que voc\u00ea analise com [&hellip;]<\/p>\n","protected":false},"author":1,"featured_media":0,"parent":0,"menu_order":0,"comment_status":"closed","ping_status":"closed","template":"elementor_header_footer","meta":{"footnotes":""},"class_list":["post-460","page","type-page","status-publish","hentry"],"_links":{"self":[{"href":"https:\/\/nordesteagency.com\/btx\/index.php?rest_route=\/wp\/v2\/pages\/460","targetHints":{"allow":["GET"]}}],"collection":[{"href":"https:\/\/nordesteagency.com\/btx\/index.php?rest_route=\/wp\/v2\/pages"}],"about":[{"href":"https:\/\/nordesteagency.com\/btx\/index.php?rest_route=\/wp\/v2\/types\/page"}],"author":[{"embeddable":true,"href":"https:\/\/nordesteagency.com\/btx\/index.php?rest_route=\/wp\/v2\/users\/1"}],"replies":[{"embeddable":true,"href":"https:\/\/nordesteagency.com\/btx\/index.php?rest_route=%2Fwp%2Fv2%2Fcomments&post=460"}],"version-history":[{"count":7,"href":"https:\/\/nordesteagency.com\/btx\/index.php?rest_route=\/wp\/v2\/pages\/460\/revisions"}],"predecessor-version":[{"id":468,"href":"https:\/\/nordesteagency.com\/btx\/index.php?rest_route=\/wp\/v2\/pages\/460\/revisions\/468"}],"wp:attachment":[{"href":"https:\/\/nordesteagency.com\/btx\/index.php?rest_route=%2Fwp%2Fv2%2Fmedia&parent=460"}],"curies":[{"name":"wp","href":"https:\/\/api.w.org\/{rel}","templated":true}]}}